{"id":2,"date":"2024-12-25T15:07:24","date_gmt":"2024-12-25T14:07:24","guid":{"rendered":"http:\/\/zbonik.home.pl\/autoinstalator\/wordpressplugins1\/?page_id=2"},"modified":"2025-01-06T11:00:00","modified_gmt":"2025-01-06T10:00:00","slug":"strona","status":"publish","type":"page","link":"https:\/\/karolstepkowski.pl\/index.php\/strona\/","title":{"rendered":"O Mnie\u2026"},"content":{"rendered":"\n<figure class=\"wp-block-image aligncenter size-full is-resized\"><img loading=\"lazy\" decoding=\"async\" width=\"400\" height=\"558\" src=\"http:\/\/zbonik.home.pl\/autoinstalator\/wordpressplugins1\/wp-content\/uploads\/2024\/12\/400_karol.jpg\" alt=\"\" class=\"wp-image-9\" style=\"width:384px;height:auto\" srcset=\"https:\/\/karolstepkowski.pl\/wp-content\/uploads\/2024\/12\/400_karol.jpg 400w, https:\/\/karolstepkowski.pl\/wp-content\/uploads\/2024\/12\/400_karol-215x300.jpg 215w\" sizes=\"auto, (max-width: 400px) 100vw, 400px\" \/><figcaption class=\"wp-element-caption\">Fot. A. Szczerbi\u0144ska<\/figcaption><\/figure>\n\n\n\n<hr class=\"wp-block-separator has-text-color has-foreground-color has-alpha-channel-opacity has-foreground-background-color has-background is-style-wide\"\/>\n\n\n\n<ul class=\"wp-block-list\">\n<li>aktor, re\u017cyser, fotografik\u2003\u2003<\/li>\n\n\n\n<li>rocznik 1945\u2003\u2003<\/li>\n\n\n\n<li>absolwent warszawskiej PWST (1967)\u2003\u2003<\/li>\n\n\n\n<li>cz\u0142onek Zwi\u0105zku Artyst\u00f3w Scen Polskich\u2003\u2003<\/li>\n\n\n\n<li>aktor teatr\u00f3w: Powszechnego, Narodowego, Rozmaito\u015bci, Komedii w&nbsp;Warszawie oraz Polskiego w&nbsp;Szczecinie\u2003\u2003<\/li>\n\n\n\n<li>stale wsp\u00f3\u0142pracuje z&nbsp;Teatrem A.&nbsp;Mickiewicza w&nbsp;Cz\u0119stochowie oraz z&nbsp;teatrami: Dramatycznym, Wytw\u00f3rnia, Academia, Polonia, Bajka, Na Woli, 6&nbsp;Pi\u0119tro, Capitol, Kamienica, Mam Teatr w&nbsp;Warszawie.\u2003\u2003<\/li>\n\n\n\n<li>dyrektor artystyczny projektu \u201eFortepian Szopena\u201d w Muzeum Cypriana Norwida w D\u0119binkach<\/li>\n\n\n\n<li>odznaczony br\u0105zowym medalem Zas\u0142u\u017cony Kulturze Gloria Artis<\/li>\n\n\n\n<li>cz\u0142onek rzeczywisty Zwi\u0105zku Polskich Artyst\u00f3w Fotografik\u00f3w.<\/li>\n<\/ul>\n\n\n\n<hr class=\"wp-block-separator has-text-color has-foreground-color has-alpha-channel-opacity has-foreground-background-color has-background is-style-wide\"\/>\n\n\n\n<p><strong>RE\u017bYSERIA:<\/strong><\/p>\n\n\n\n<ul class=\"wp-block-list\">\n<li>\u201eLata patykiem pisane\u201d W. Skulskiej <\/li>\n\n\n\n<li>\u201eSzelmostwa Skapena\u201d J.B. Moliera<\/li>\n\n\n\n<li>\u201eFaust\u201d J.W. Goethego <\/li>\n\n\n\n<li>\u201eAntygona\u201d Sofoklesa&nbsp;<\/li>\n\n\n\n<li>\u201eLady M\u201d na motywach \u201eMakbeta\u201d W. Shakespeare\u2019a <\/li>\n\n\n\n<li>\u201eKopciuszek\u201d I. Prusickiej<\/li>\n\n\n\n<li>\u201eKr\u00f3l B\u00f3l\u201d K. Lengren <\/li>\n\n\n\n<li>\u201eFerdynand Wspania\u0142y\u201d L.J. Kerna<\/li>\n\n\n\n<li>\u201eAnia z&nbsp;Zielonego Wzg\u00f3rza\u201d L.&nbsp;Montgomery<\/li>\n<\/ul>\n\n\n\n<hr class=\"wp-block-separator has-text-color has-foreground-color has-alpha-channel-opacity has-foreground-background-color has-background is-style-wide\"\/>\n\n\n\n<p><strong>WYRE\u017bYSEROWANE W MAM TEATR (aut. M. Graff):<\/strong><\/p>\n\n\n\n<ul class=\"wp-block-list\">\n<li>\u201eWiecznie M\u0142odzi\u201d <\/li>\n\n\n\n<li>\u201eCzas na Mi\u0142o\u015b\u0107\u201d <\/li>\n\n\n\n<li>\u201ePomoc s\u0105siedzka\u201d <\/li>\n\n\n\n<li>\u201ePodwieczorek \u017cycia\u201d<\/li>\n\n\n\n<li>\u201eTrudno uwierzy\u0107\u201d <\/li>\n\n\n\n<li>\u201ePo\u015blubieni Pogubieni\u201d <\/li>\n\n\n\n<li>\u201ePozamiatane\u201d <\/li>\n\n\n\n<li>\u201eRandka w Bistro\u201d<\/li>\n<\/ul>\n\n\n\n<hr class=\"wp-block-separator has-text-color has-foreground-color has-alpha-channel-opacity has-foreground-background-color has-background is-style-wide\"\/>\n\n\n\n<p><strong>WA\u017bNIEJSZE ROLE:<\/strong><\/p>\n\n\n\n<ul class=\"wp-block-list\">\n<li>Filon w&nbsp;\u201eBalladynie\u201d J. S\u0142owackiego <\/li>\n\n\n\n<li>Gil w&nbsp;\u201eParadach\u201d J.&nbsp;Potockiego<\/li>\n\n\n\n<li>Albin w&nbsp;\u201e\u015alubach panie\u0144skich\u201d A.&nbsp;Fredry <\/li>\n\n\n\n<li>Papkin w&nbsp;\u201eZem\u015bcie\u201d A. Fredry&nbsp;<\/li>\n\n\n\n<li>Kr\u00f3l Mamert w&nbsp;\u201e\u0141y\u017cki i&nbsp;ksi\u0119\u017cyc\u201d E.&nbsp;Zegad\u0142owicza <\/li>\n\n\n\n<li>Kreon w&nbsp;\u201eAntygonie\u201d Sofoklesa<\/li>\n\n\n\n<li>Trofimow w&nbsp;\u201eWi\u015bniowym Sadzie\u201d A.&nbsp;Czechowa <\/li>\n\n\n\n<li>Fantazy w&nbsp;\u201eFantazym\u201d J.&nbsp;S\u0142owackiego<\/li>\n\n\n\n<li>Hrabia i&nbsp;S\u0119dzia w&nbsp;\u201ePanu Tadeuszu\u201d A. Mickiewicza <\/li>\n\n\n\n<li>Cze\u015bnik w&nbsp;\u201eZem\u015bcie\u201d A. Fredry<\/li>\n\n\n\n<li>Pi\u0142at w&nbsp;\u201eLamencie Malinowym\u201d R.&nbsp;Wo\u017aniaka <\/li>\n\n\n\n<li>Mefisto w&nbsp;\u201eFau\u015bcie\u201d J.W. Goethego<\/li>\n\n\n\n<li>Mateusz Cuthbert w&nbsp;\u201eAni z&nbsp;Zielonego Wzg\u00f3rza\u201d L. Montgomery <\/li>\n\n\n\n<li>Proboszcz Karpik w \u201eG\u0142upionce Jezusowej\u201d R. Figury<\/li>\n<\/ul>\n\n\n\n<div class=\"wp-block-buttons is-layout-flex wp-block-buttons-is-layout-flex\">\n<div class=\"wp-block-button\"><a class=\"wp-block-button__link wp-element-button\" href=\"https:\/\/encyklopediateatru.pl\/osoby\/380\/karol-stepkowski\" target=\"_blank\" rel=\"noreferrer noopener\">Wi\u0119cej\u2026<\/a><\/div>\n<\/div>\n\n\n\n<div class=\"wp-block-group alignfull has-background-color is-layout-constrained wp-container-core-group-is-layout-5d2f8bdc wp-block-group-is-layout-constrained\" style=\"margin-top:0;margin-bottom:0;padding-top:var(--wp--preset--spacing--40);padding-right:var(--wp--preset--spacing--30);padding-bottom:var(--wp--preset--spacing--40);padding-left:var(--wp--preset--spacing--30)\">\n<div class=\"wp-block-group alignwide is-content-justification-space-between is-layout-flex wp-container-core-group-is-layout-b585a4aa wp-block-group-is-layout-flex\">\n<div class=\"wp-block-group is-layout-flex wp-block-group-is-layout-flex\"><\/div>\n<\/div>\n<\/div>\n","protected":false},"excerpt":{"rendered":"<p>RE\u017bYSERIA: WYRE\u017bYSEROWANE W MAM TEATR (aut. M. Graff): WA\u017bNIEJSZE ROLE:<\/p>\n","protected":false},"author":1,"featured_media":0,"parent":0,"menu_order":0,"comment_status":"closed","ping_status":"closed","template":"","meta":{"footnotes":""},"class_list":["post-2","page","type-page","status-publish","hentry"],"_links":{"self":[{"href":"https:\/\/karolstepkowski.pl\/index.php\/wp-json\/wp\/v2\/pages\/2","targetHints":{"allow":["GET"]}}],"collection":[{"href":"https:\/\/karolstepkowski.pl\/index.php\/wp-json\/wp\/v2\/pages"}],"about":[{"href":"https:\/\/karolstepkowski.pl\/index.php\/wp-json\/wp\/v2\/types\/page"}],"author":[{"embeddable":true,"href":"https:\/\/karolstepkowski.pl\/index.php\/wp-json\/wp\/v2\/users\/1"}],"replies":[{"embeddable":true,"href":"https:\/\/karolstepkowski.pl\/index.php\/wp-json\/wp\/v2\/comments?post=2"}],"version-history":[{"count":8,"href":"https:\/\/karolstepkowski.pl\/index.php\/wp-json\/wp\/v2\/pages\/2\/revisions"}],"predecessor-version":[{"id":865,"href":"https:\/\/karolstepkowski.pl\/index.php\/wp-json\/wp\/v2\/pages\/2\/revisions\/865"}],"wp:attachment":[{"href":"https:\/\/karolstepkowski.pl\/index.php\/wp-json\/wp\/v2\/media?parent=2"}],"curies":[{"name":"wp","href":"https:\/\/api.w.org\/{rel}","templated":true}]}}